{"id":3,"date":"2019-07-17T16:26:21","date_gmt":"2019-07-17T16:26:21","guid":{"rendered":"https:\/\/www.life-club.com\/site\/?page_id=3"},"modified":"2024-09-10T12:02:52","modified_gmt":"2024-09-10T12:02:52","slug":"politica-privacidade","status":"publish","type":"page","link":"https:\/\/www.life-club.com\/site\/politica-privacidade\/","title":{"rendered":"Pol\u00edtica de privacidade"},"content":{"rendered":"<div class=\"item_header\">\r\n<h3 class=\"item_title\"><span class=\"item_title_part0\">Politica<\/span> <span class=\"item_title_part1\">de<\/span> <span class=\"item_title_part2\">Privacidade<\/span><\/h3>\r\n<\/div>\r\n<div class=\"item_fulltext\">\r\n<div>\r\n<p><strong>Pol\u00edtica de Privacidade<\/strong><\/p>\r\n<p><strong>(Artigos 8\u00ba, 13\u00ba, 14\u00ba e 21\u00ba do Regulamento Geral de Prote\u00e7\u00e3o de Dados &#8211; RGPD)<\/strong><\/p>\r\n<p><strong>A sua privacidade \u00e9 importante para n\u00f3s.<\/strong><\/p>\r\n<p>Este comunicado de privacidade explica como usamos a informa\u00e7\u00e3o pessoal que recolhemos acerca de si quando usa este Website.<\/p>\r\n<h2>Acerca desta Pol\u00edtica de Privacidade<\/h2>\r\n<p>O <strong>Life Strip Club <\/strong>respeita as suas prefer\u00eancias no que concerne \u00e0 recolha e uso dos seus Dados Pessoais.<br>\u00abDados Pessoais\u00bb, refere-se \u00e0 informa\u00e7\u00e3o relativa a uma pessoa singular identificada ou identific\u00e1vel (\u00abTitular dos Dados\u00bb); \u00e9 considerada identific\u00e1vel uma pessoa singular que possa ser identificada, direta ou indiretamente, em especial por refer\u00eancia a um identificador, como por exemplo um nome, um n\u00famero de identifica\u00e7\u00e3o, dados de localiza\u00e7\u00e3o, identificadores por via eletr\u00f3nica ou a um ou mais elementos espec\u00edficos da identidade f\u00edsica, fisiol\u00f3gica, gen\u00e9tica, mental, econ\u00f3mica, cultural ou social dessa pessoa singular.<br>Respeitamos as suas prefer\u00eancias em rela\u00e7\u00e3o ao tratamento de Dados Pessoais que recolhe. Esta Pol\u00edtica (\u201cPol\u00edtica\u201d) permite-lhe saber como recolhemos e usamos os seus Dados Pessoais, como voc\u00ea pode controlar o seu uso e descreve as nossas pr\u00e1ticas em rela\u00e7\u00e3o a informa\u00e7\u00e3o recolhida em outros sites do Grupo que se ligam ou referem esta Pol\u00edtica (tais como websites, aplica\u00e7\u00f5es de software, redes sociais e mensagens eletr\u00f3nicas), bem como, atividades de marketing e de vendas offline (coletivamente, \u201cCanais de Comunica\u00e7\u00e3o\u201d).<br>Os Canais de Comunica\u00e7\u00e3o podem providenciar links para outras plataformas n\u00e3o pertencentes a <strong>Life Strip Club<\/strong>. Encorajamo-lo a verificar as pol\u00edticas de privacidade desses websites, servi\u00e7os, redes sociais ou aplica\u00e7\u00f5es antes de fornecer os seus Dados Pessoais.<\/p>\r\n<h2>Que informa\u00e7\u00e3o recolhemos acerca de si?<\/h2>\r\n<p>Recolhemos informa\u00e7\u00e3o acerca de si quando se regista no nosso website ou coloca um pedido de aquisi\u00e7\u00e3o de produtos ou servi\u00e7os. N\u00f3s tamb\u00e9m recolhemos informa\u00e7\u00e3o sua quando voluntariamente preenche question\u00e1rios, participa em competi\u00e7\u00f5es, fornece opini\u00f5es (\u201cfeedback\u201d), subscreve newsletters ou feeds, nos telefona ou escreve-nos.<br>Os dados pessoais recolhidos s\u00e3o os necess\u00e1rios \u00e0 finalidade pela qual nos contactou, tratando nesse \u00e2mbito dados como o nome, a morada, o n\u00famero de telefone, o endere\u00e7o de correio eletr\u00f3nico, o assunto, o NIF (no caso de uma transa\u00e7\u00e3o comercial) e o documento de identifica\u00e7\u00e3o (no caso do exerc\u00edcio de um direito). Ao disponibilizar os seus dados pessoais, est\u00e1 a autorizar a recolha, uso e divulga\u00e7\u00e3o dos mesmos de acordo com as regras aqui definidas.<br>Pedimos-lhe que n\u00e3o envie ou partilhe qualquer informa\u00e7\u00e3o pessoal sens\u00edvel como a origem racial ou \u00e9tnica, as opini\u00f5es pol\u00edticas, as convic\u00e7\u00f5es religiosas ou filos\u00f3ficas, ou a filia\u00e7\u00e3o sindical, bem como dados gen\u00e9ticos, dados biom\u00e9tricos, dados relativos \u00e0 sa\u00fade ou dados relativos \u00e0 vida sexual ou orienta\u00e7\u00e3o sexual.<br>A informa\u00e7\u00e3o de uso do website \u00e9 recolhida usando cookies, mas n\u00e3o o identificam especificamente, sendo ou podendo ser recolhidos os dados seguintes:<br>\u2022&nbsp;&nbsp;&nbsp; Endere\u00e7o IP.<br>\u2022&nbsp;&nbsp;&nbsp; Localiza\u00e7\u00e3o geogr\u00e1fica.<br>\u2022&nbsp;&nbsp;&nbsp; Informa\u00e7\u00e3o acerca do dispositivo que est\u00e1 a aceder ao website, nomeadamente, tipo e vers\u00e3o do navegador, sistema operativo, resolu\u00e7\u00e3o do ecr\u00e3, linguagem preferida, informa\u00e7\u00e3o contida nos cabe\u00e7alhos HTTP e vers\u00e3o do agente.<br>\u2022&nbsp;&nbsp;&nbsp; O motor de busca que usou para localizar e aceder ao website.<br>\u2022&nbsp;&nbsp;&nbsp; Data e tempo de atividade no website, bem como, p\u00e1ginas web e conte\u00fados visitados e clicados.<br>Importa real\u00e7ar que esta informa\u00e7\u00e3o de uso n\u00e3o o identifica deliberadamente e se excecionalmente o identificar a mesma ser\u00e1 anonimizada de imediato.<br>Ao ceder informa\u00e7\u00e3o est\u00e1 a dar o seu consentimento informado e inequ\u00edvoco de que consente o tratamento dos dados que lhe digam respeito de forma automatizada.<br>Alguns dos dados solicitados s\u00e3o de carater obrigat\u00f3rio, estando os mesmos identificados, podendo a falta ou inexatid\u00e3o das respostas dadas comprometer o servi\u00e7o prestado.<\/p>\r\n<h2>De que forma usamos a informa\u00e7\u00e3o sobre si?<\/h2>\r\nOs dados recolhidos servem para processar o seu pedido, gerir a sua conta e, se concordar, enviar-lhe por correio eletr\u00f3nico informa\u00e7\u00e3o acerca de outros produtos e servi\u00e7os que pensamos serem do seu interesse.<br>Usamos a informa\u00e7\u00e3o recolhida do website para personalizar as suas pr\u00f3ximas visitas ao nosso website.<br>Se concordar iremos enviar a sua informa\u00e7\u00e3o pessoal \u00e0s diversas empresas do <strong>Life Strip Club <\/strong>para que lhe possam oferecer os seus produtos e servi\u00e7os.<br>O <strong>Life Strip Club <\/strong>n\u00e3o partilha a sua informa\u00e7\u00e3o para campanhas de marketing com empresas n\u00e3o pertencentes ao grupo nem transfere os seus Dados Pessoais para um pa\u00eds terceiro.<br>Embora a informa\u00e7\u00e3o fornecida seja geralmente tratada como privada, os dados recolhidos ser\u00e3o utilizados em conformidade com o regulamento de prote\u00e7\u00e3o de dados pessoais.<br>Tem o direito de apresentar reclama\u00e7\u00e3o a uma Autoridade de Controlo da Uni\u00e3o Europeia em rela\u00e7\u00e3o \u00e0 prote\u00e7\u00e3o dos seus Dados Pessoais. O <strong>Life Strip Club <\/strong>prestar\u00e1 a sua colabora\u00e7\u00e3o \u00e0 Autoridade de Controlo facultando-lhe todas as informa\u00e7\u00f5es que por esta, no exerc\u00edcio das suas compet\u00eancias, lhe forem solicitadas.<br>A informa\u00e7\u00e3o recolhida neste website n\u00e3o envolve a tomada de decis\u00f5es automatizadas, incluindo a defini\u00e7\u00e3o de perfis.<br>Neste website n\u00e3o s\u00e3o efetuadas compara\u00e7\u00f5es, interconex\u00f5es ou qualquer outra forma de inter-relacionar as informa\u00e7\u00f5es registadas.<br>Porque os seus dados poder\u00e3o circular em rede aberta correm o risco de serem vistos e utilizados por terceiros n\u00e3o autorizados.<br>O <strong>Life Strip Club <\/strong>s\u00f3 aceita registos de utilizadores com pelo menos 16 anos de idade. Os nossos Canais de Comunica\u00e7\u00e3o n\u00e3o s\u00e3o direcionados a utilizadores menores de idade. Se souber de algum registo efetuado por um menor agradecemos que nos alerte de tal facto a fim de procedermos de imediato \u00e0 remo\u00e7\u00e3o do registo do mesmo.<br>Os destinat\u00e1rios ou categorias de destinat\u00e1rios dos seus Dados Pessoais dependendo da ferramenta de contacto que utilizar s\u00e3o os departamentos de Marketing e Comunica\u00e7\u00e3o, Call Center, Pr\u00e9-Venda e Comercial e Suporte T\u00e9cnico. Partilharemos os seus dados pessoais com o seu consentimento ou, conforme necess\u00e1rio, para concluir qualquer transa\u00e7\u00e3o ou fornecer qualquer servi\u00e7o que solicitou. Tamb\u00e9m partilhamos os dados com afiliados controlados pelo <strong>Life Strip Club <\/strong>e subsidi\u00e1rias; com vendedores que trabalham em nosso nome; quando exigido por lei ou para responder ao processo legal; para proteger os nossos clientes; para proteger vidas; para manter a seguran\u00e7a dos nossos servi\u00e7os; e para proteger os direitos de propriedade ou o <strong>Life Strip Club <\/strong>.\r\n<p>&nbsp;<\/p>\r\n<h2>Marketing<\/h2>\r\n<p>Gostar\u00edamos de lhe poder enviar informa\u00e7\u00e3o acerca dos produtos e servi\u00e7os das empresas do <strong>Life Strip Club <\/strong>que possam ser ou vir a ser do seu interesse. Se deu o seu consentimento anteriormente pode sempre optar por cancelar a subscri\u00e7\u00e3o. Tem o direito em qualquer altura de n\u00e3o permitir que seja contatado para campanhas de marketing clicando *<a href=\"https:\/\/www.life-club.com\/site\/contactos\/\"><strong>AQUI<\/strong><\/a>*.<\/p>\r\n<h2>Acesso e corre\u00e7\u00e3o da sua informa\u00e7\u00e3o<\/h2>\r\nQueremos ter a certeza da exatid\u00e3o e fiabilidade da informa\u00e7\u00e3o que retemos acerca de si.<br>Confiamos no Utilizador, para nos fornecer informa\u00e7\u00f5es precisas e completas e para proceder \u00e0 atualiza\u00e7\u00e3o dos dados em rela\u00e7\u00e3o a qualquer altera\u00e7\u00e3o na informa\u00e7\u00e3o fornecida.<br>O Utilizador tem o direito de retirar o seu consentimento em qualquer altura, sem comprometer a licitude do tratamento efetuado com base no consentimento previamente dado e o direito de solicitar o <strong>Life Strip Club <\/strong>acesso aos Dados Pessoais que lhe digam respeito, bem como a sua retifica\u00e7\u00e3o ou o seu apagamento, e a limita\u00e7\u00e3o do tratamento no que disser respeito ao Utilizador, ou do direito de se opor ao tratamento, bem como do direito \u00e0 portabilidade dos dados.<br>Os Dados Pessoais necess\u00e1rios para a execu\u00e7\u00e3o do contrato no qual o Utilizador \u00e9 parte, para o cumprimento das obriga\u00e7\u00f5es jur\u00eddicas a que o Respons\u00e1vel pelo Tratamento esteja sujeito e os que sejam necess\u00e1rios para efeito dos interesses leg\u00edtimos prosseguidos pelo <strong>Life Strip Club <\/strong>n\u00e3o est\u00e3o inclu\u00eddos no ponto anterior.<br>Sem preju\u00edzo de disposi\u00e7\u00f5es legais ou regulamentares em contr\u00e1rio, os Dados Pessoais ser\u00e3o conservados apenas pelo per\u00edodo m\u00ednimo necess\u00e1rio para as finalidades que motivaram a sua recolha ou o seu posterior tratamento ap\u00f3s os quais s\u00e3o eliminados ou caso seja do interesse do <strong>Life Strip Club <\/strong>processados para fins estat\u00edsticos, anonimizados, n\u00e3o sendo poss\u00edvel identificar o seu Titular.<br>Carece de consentimento o tratamento posterior dos Dados Pessoais para um fim que n\u00e3o seja aquele para o qual os dados tenham sido recolhidos, antes desse tratamento o Respons\u00e1vel pelo Tratamento fornece ao Titular dos Dados informa\u00e7\u00f5es sobre esse fim e quaisquer outras informa\u00e7\u00f5es pertinentes.<br>Tem o direito de solicitar uma c\u00f3pia da informa\u00e7\u00e3o que temos acerca de si. Se quiser solicitar uma c\u00f3pia parcial ou total da informa\u00e7\u00e3o retida sobre si pelo <strong>Life Strip Club <\/strong>, por favor preencha o formul\u00e1rio de contacto dispon\u00edvel em <a href=\"https:\/\/www.life-club.com\/site\/contactos\/\">https:\/\/www.life-club.com\/site\/contactos\/<\/a> ou escreva-nos para <strong>R. Conde de Vizela 100 e 117 , PORTO.<\/strong><br>Se os pedidos apresentados pelo Utilizador forem manifestamente infundados ou excessivos, nomeadamente devido ao seu car\u00e1ter repetitivo, o <strong>Life Strip Club <\/strong>, ao abrigo do quadro legal vigente, pode exigir o pagamento de uma taxa razo\u00e1vel tendo em conta os custos administrativos do fornecimento das informa\u00e7\u00f5es ou da comunica\u00e7\u00e3o, ou de tomada das medidas solicitadas ou recusar-se a dar seguimento ao pedido.<\/div>\r\n<div>&nbsp;<\/div>\r\n<div><br>\r\n<h2>Cookies<\/h2>\r\nS\u00e3o pequenos ficheiros de texto guardados no seu computador que servem para recolher informa\u00e7\u00e3o acerca do seu dispositivo e informa\u00e7\u00e3o acerca da sua experi\u00eancia de utiliza\u00e7\u00e3o. Esta informa\u00e7\u00e3o \u00e9 usada para registar o n\u00famero de visitas efetuadas e compilar informa\u00e7\u00e3o estat\u00edstica acerca da atividade do website.<br>Tipos de Cookies consoante a entidade que os gere:<br>\u2022&nbsp;&nbsp;&nbsp; Cookies pr\u00f3prios: um cookie gerido por este dom\u00ednio \/ website.<br>\u2022&nbsp;&nbsp;&nbsp; Cookies de terceiros: um cookie gerido por outro dom\u00ednio \/ website.<br>\u2022&nbsp;&nbsp;&nbsp; Cookies persistentes: a informa\u00e7\u00e3o do cookie encontra-se armazenada de forma permanente no seu equipamento.<br>\u2022&nbsp;&nbsp;&nbsp; Cookies de sess\u00e3o: a informa\u00e7\u00e3o do cookie n\u00e3o se encontra armazenada de forma permanente no seu equipamento.<\/div>\r\n<div><br>O <strong>Life Strip Club <\/strong>usa cookies de sess\u00e3o (\u201csession cookies\u201d) e cookies pr\u00f3prios (\u201cfirst-party cookies\u201d) bem como cookies persistentes (\u201cpersistent cookies\u201d) e cookies de terceiros (\u201cthird-party cookies\u201d).<\/div>\r\n<div>&nbsp;<\/div>\r\n<div>Tipos de cookies consoante a finalidade de utiliza\u00e7\u00e3o:<br>\u2022&nbsp;&nbsp;&nbsp; Cookies t\u00e9cnicos: s\u00e3o aqueles que permitem navegar atrav\u00e9s de um dom\u00ednio \/ website, utilizando as diferentes op\u00e7\u00f5es ou servi\u00e7os como, por exemplo, identificar a sess\u00e3o, aceder a \u00e1reas de acesso restrito e realizar o processo de um pedido de compra.<br>\u2022&nbsp;&nbsp;&nbsp; Cookies de personaliza\u00e7\u00e3o: s\u00e3o aqueles que permitem aceder ao dom\u00ednio \/ website com algumas caracter\u00edsticas predefinidos em fun\u00e7\u00e3o de um conjunto de decis\u00f5es tomadas, como por exemplo a l\u00edngua utilizada.<br>\u2022&nbsp;&nbsp;&nbsp; Cookies de an\u00e1lise: s\u00e3o aqueles que permitem a monitoriza\u00e7\u00e3o e an\u00e1lise do comportamento dos utilizadores de websites aos quais est\u00e3o vinculados. A informa\u00e7\u00e3o recolhida atrav\u00e9s de tais cookies \u00e9 usada, por exemplo, para medir a atividade dos websites e elaborar perfis de navega\u00e7\u00e3o.<br>\u2022&nbsp;&nbsp;&nbsp; Cookies publicit\u00e1rios: s\u00e3o aqueles que permitem a gest\u00e3o da forma mais eficiente de espa\u00e7os publicit\u00e1rios com base em crit\u00e9rios como o conte\u00fado editado ou a frequ\u00eancia em que os an\u00fancios s\u00e3o exibidos.<br>\u2022&nbsp;&nbsp;&nbsp; Cookies de publicidade comportamental: s\u00e3o aqueles que permitem a gest\u00e3o da forma mais eficaz poss\u00edvel de espa\u00e7os publicit\u00e1rios. Estes cookies armazenam informa\u00e7\u00f5es sobre o comportamento do utilizador, obtidas atrav\u00e9s da observa\u00e7\u00e3o cont\u00ednua dos seus h\u00e1bitos de navega\u00e7\u00e3o, permitindo desenvolver um perfil espec\u00edfico para exibir an\u00fancios com base neste.<\/div>\r\n<div><br>O <strong>Life Strip Club <\/strong>usa Cookies t\u00e9cnicos, Cookies de personaliza\u00e7\u00e3o e Cookies de an\u00e1lise; n\u00e3o usa Cookies publicit\u00e1rios nem Cookies de publicidade comportamental.<\/div>\r\n<div><br>A informa\u00e7\u00e3o relativa aos cookies \u00e9 controlada e acedida pelo propriet\u00e1rio do website.<br>Cookies usados pelo <strong>Life Strip Club <\/strong>:<\/div>\r\n<div><br>\r\n<div class=\"table-responsive\">\r\n<table class=\"table-bordered table-condensed\" border=\"1\">\r\n<tbody>\r\n<tr>\r\n<td>\r\n<p>Nome do <em>Cookie<\/em><\/p>\r\n<\/td>\r\n<td>\r\n<p>Finalidade<\/p>\r\n<\/td>\r\n<td>\r\n<p>Tempo de Reten\u00e7\u00e3o<\/p>\r\n<\/td>\r\n<td>\r\n<p>Dom\u00ednio<\/p>\r\n<\/td>\r\n<td>\r\n<p>Titular<\/p>\r\n<\/td>\r\n<td>\r\n<p>Parte<\/p>\r\n<\/td>\r\n<td>\r\n<p>Tipo de <em>Cookie<\/em><\/p>\r\n<\/td>\r\n<\/tr>\r\n<tr>\r\n<td>\r\n<p>Google Analytics<\/p>\r\n<\/td>\r\n<td>\r\n<p>Medir a intera\u00e7\u00e3o dos utilizadores com o conte\u00fado do website<\/p>\r\n<\/td>\r\n<td>&nbsp;<\/td>\r\n<td>\r\n<p><strong>life-club.com<\/strong><\/p>\r\n<\/td>\r\n<td>\r\n<p>Google.com<\/p>\r\n<\/td>\r\n<td>\r\n<p>3\u00ba<\/p>\r\n<\/td>\r\n<td>\r\n<p>An\u00e1lise<\/p>\r\n<\/td>\r\n<\/tr>\r\n<tr>\r\n<td>\r\n<p>AddThis<\/p>\r\n<\/td>\r\n<td>\r\n<p>Identificar os dispositivos usados pelos utilizadores do website<\/p>\r\n<\/td>\r\n<td>&nbsp;<\/td>\r\n<td>\r\n<p><strong>life-club.com<\/strong><\/p>\r\n<\/td>\r\n<td>\r\n<p>Addthis.com<\/p>\r\n<\/td>\r\n<td>\r\n<p>3\u00ba<\/p>\r\n<\/td>\r\n<td>\r\n<p>An\u00e1lise<\/p>\r\n<\/td>\r\n<\/tr>\r\n<tr>\r\n<td>\r\n<p>Google analytics<\/p>\r\n<p>_ga<\/p>\r\n<\/td>\r\n<td>\r\n<p>Usado para distinguir usu\u00e1rios.<\/p>\r\n<\/td>\r\n<td>\r\n<p>2 anos<\/p>\r\n<\/td>\r\n<td>\r\n<p><strong>life-club.com<\/strong><\/p>\r\n<\/td>\r\n<td>\r\n<p>Google.com<\/p>\r\n<\/td>\r\n<td>\r\n<p>3\u00aa parte<\/p>\r\n<\/td>\r\n<td>\r\n<p>An\u00e1lise<\/p>\r\n<\/td>\r\n<\/tr>\r\n<tr>\r\n<td>\r\n<p>Google analytics<\/p>\r\n<p>_gid<\/p>\r\n<\/td>\r\n<td>\r\n<p>Usado para distinguir usu\u00e1rios.<\/p>\r\n<\/td>\r\n<td>\r\n<p>24 horas<\/p>\r\n<\/td>\r\n<td>\r\n<p><strong>life-club.com<\/strong><\/p>\r\n<\/td>\r\n<td>\r\n<p>Google.com<\/p>\r\n<\/td>\r\n<td>\r\n<p>3\u00aa parte<\/p>\r\n<\/td>\r\n<td>\r\n<p>An\u00e1lise<\/p>\r\n<\/td>\r\n<\/tr>\r\n<tr>\r\n<td>\r\n<p>Google analytics<\/p>\r\n<p>_gat<\/p>\r\n<\/td>\r\n<td>\r\n<p>Usado para controlar a taxa de solicita\u00e7\u00e3o.<\/p>\r\n<\/td>\r\n<td>\r\n<p>1 minuto<\/p>\r\n<\/td>\r\n<td>\r\n<p><strong>life-club.com<\/strong><\/p>\r\n<\/td>\r\n<td>\r\n<p>Google.com<\/p>\r\n<\/td>\r\n<td>\r\n<p>3\u00aa parte<\/p>\r\n<\/td>\r\n<td>\r\n<p>An\u00e1lise<\/p>\r\n<\/td>\r\n<\/tr>\r\n<tr>\r\n<td>\r\n<p>PHPSESSID<\/p>\r\n<\/td>\r\n<td>\r\n<p>Usado para controlo nas sess\u00f5es<\/p>\r\n<\/td>\r\n<td>\r\n<p>1 sess\u00e3o<\/p>\r\n<\/td>\r\n<td>\r\n<p><strong>life-club.com<\/strong><\/p>\r\n<\/td>\r\n<td>&nbsp;<\/td>\r\n<td>\r\n<p>1\u00aa parte<\/p>\r\n<\/td>\r\n<td>\r\n<p>Performance<\/p>\r\n<\/td>\r\n<\/tr>\r\n<\/tbody>\r\n<\/table>\r\n<\/div>\r\n<p><br>As nossas newsletters podem, para fins estat\u00edsticos, conter um \u00fanico &#8220;pixel&#8221; que permite saber se s\u00e3o abertas e verificar os cliques atrav\u00e9s de links dentro de cada newsletter.<br>&nbsp;O utilizador tem sempre a possibilidade de desativar o envio da newsletter *<a href=\"https:\/\/www.life-club.com\/site\/contactos\/\"><strong>AQUI<\/strong><\/a>*.<br>De acordo com a informa\u00e7\u00e3o acima fornecida, como utilizador, est\u00e1 a consentir expressamente o uso dos cookies de que se fez refer\u00eancia para os fins previstos para cada um dos mesmos.<\/p>\r\n<p>Informa\u00e7\u00e3o espec\u00edfica sobre os cookies de terceiros Google Analytics pode ser obtida atrav\u00e9s do endere\u00e7o <a href=\"https:\/\/developers.google.com\/analytics\/devguides\/collection\/analyticsjs\/cookie-usage\">https:\/\/developers.google.com\/analytics\/devguides\/collection\/analyticsjs\/cookie-usage<\/a> e do servi\u00e7o AddThis atrav\u00e9s do endere\u00e7o <a href=\"http:\/\/www.addthis.com\/privacy\">http:\/\/www.addthis.com\/privacy<\/a><\/p>\r\n<p>N\u00e3o nos responsabilizamos pelo conte\u00fado e exatid\u00e3o dos termos e condi\u00e7\u00f5es de uso, das pol\u00edticas de privacidade e pol\u00edticas de cookies de terceiros referidos anteriormente.<\/p>\r\n<p>Pode obter mais informa\u00e7\u00e3o visitando <a href=\"http:\/\/www.aboutcookies.org\">www.aboutcookies.org<\/a> ou <a href=\"http:\/\/www.allaboutcookies.org\">www.allaboutcookies.org<\/a>.<\/p>\r\n<p>Pode configurar o seu browser para n\u00e3o aceitar cookies e os websites mencionados anteriormente explicam-lhe como pode remov\u00ea-los. No entanto, a n\u00e3o aceita\u00e7\u00e3o de cookies, pode resultar na execu\u00e7\u00e3o incorreto de algumas funcionalidades do Website.<\/p>\r\n<p>Nenhum dos cookies usados \u00e9 essencial para a utiliza\u00e7\u00e3o do Website, para uma funcionalidade em particular ou para o melhoramento do desempenho do Website.<\/p>\r\n<p>A utiliza\u00e7\u00e3o de cookies tem os objetivos de analisar o uso do Website e permitir-lhe ter uma experi\u00eancia de navega\u00e7\u00e3o sem problemas; em momento algum recolhemos Dados Pessoais atrav\u00e9s de cookies.<\/p>\r\n<p>Os cookies n\u00e3o ser\u00e3o usados para nenhum outro prop\u00f3sito dos mencionados no ponto anterior.<\/p>\r\n<h2>Outros websites<\/h2>\r\n<p>Este Website contem links para outros websites. Este comunicado de privacidade apenas se aplica a este Website. Deve ler as pol\u00edticas de privacidade dos outros websites.<\/p>\r\n<h2>Seguran\u00e7a<\/h2>\r\n<p>Aplicamos medidas t\u00e9cnicas e organizativas adequadas para assegurar um n\u00edvel de seguran\u00e7a adequado ao risco por manter em arquivo os Dados Pessoais e durante a transmiss\u00e3o dos mesmos.<br>Dispomos de um sistema inform\u00e1tico com capacidade de resistir, com um dado n\u00edvel de confian\u00e7a, a eventos acidentais ou a a\u00e7\u00f5es maliciosas ou il\u00edcitas que comprometam a disponibilidade, a autenticidade, a integridade e a confidencialidade dos Dados Pessoais conservados ou transmitidos, bem como a seguran\u00e7a dos servi\u00e7os conexos oferecidos ou acess\u00edveis atrav\u00e9s destas redes e sistemas.<\/p>\r\n<h2>Altera\u00e7\u00f5es a este comunicado de privacidade<\/h2>\r\n<p>As nossas pol\u00edticas de privacidade s\u00e3o revistas regularmente e todas as altera\u00e7\u00f5es ser\u00e3o publicadas neste Website.<\/p>\r\n<p>&nbsp;<\/p>\r\n<h2>Contatos<\/h2>\r\n<p>O Respons\u00e1vel pelo Tratamento deste website \u00e9 o <strong>Life Strip Club <\/strong>e o mesmo pode ser contatado atrav\u00e9s do endere\u00e7o postal <strong>R. Conde de Vizela 100 e 117 , PORTO<\/strong> ou em alternativa pelo <strong>+351 223238217<\/strong> ou <a href=\"mailto:geral@life-club.com\">geral@life-club.com<\/a>.<br>Se acredita que o <strong>Life Strip Club <\/strong>n\u00e3o aderiu a esta declara\u00e7\u00e3o, tiver alguma quest\u00e3o acerca da nossa pol\u00edtica de privacidade ou da informa\u00e7\u00e3o que temos sobre si, entre em contacto connosco em <a href=\"https:\/\/www.life-club.com\/site\/contactos\/\">https:\/\/www.life-club.com\/site\/contactos\/<\/a> Responderemos a perguntas no prazo de 30 dias.<\/p>\r\n<\/div>\r\n<\/div>\r\n","protected":false},"excerpt":{"rendered":"<p>Politica de Privacidade Pol\u00edtica de Privacidade (Artigos 8\u00ba, 13\u00ba, 14\u00ba e 21\u00ba do Regulamento Geral de Prote\u00e7\u00e3o de Dados &#8211; RGPD) A sua privacidade \u00e9 importante para n\u00f3s. Este comunicado&hellip;<\/p>\n","protected":false},"author":1,"featured_media":0,"parent":0,"menu_order":0,"comment_status":"closed","ping_status":"open","template":"","meta":{"ngg_post_thumbnail":0,"footnotes":""},"_links":{"self":[{"href":"https:\/\/www.life-club.com\/site\/wp-json\/wp\/v2\/pages\/3"}],"collection":[{"href":"https:\/\/www.life-club.com\/site\/wp-json\/wp\/v2\/pages"}],"about":[{"href":"https:\/\/www.life-club.com\/site\/wp-json\/wp\/v2\/types\/page"}],"author":[{"embeddable":true,"href":"https:\/\/www.life-club.com\/site\/wp-json\/wp\/v2\/users\/1"}],"replies":[{"embeddable":true,"href":"https:\/\/www.life-club.com\/site\/wp-json\/wp\/v2\/comments?post=3"}],"version-history":[{"count":4,"href":"https:\/\/www.life-club.com\/site\/wp-json\/wp\/v2\/pages\/3\/revisions"}],"predecessor-version":[{"id":6031,"href":"https:\/\/www.life-club.com\/site\/wp-json\/wp\/v2\/pages\/3\/revisions\/6031"}],"wp:attachment":[{"href":"https:\/\/www.life-club.com\/site\/wp-json\/wp\/v2\/media?parent=3"}],"curies":[{"name":"wp","href":"https:\/\/api.w.org\/{rel}","templated":true}]}}