{"id":327,"date":"2019-06-01T08:38:18","date_gmt":"2019-06-01T08:38:18","guid":{"rendered":"http:\/\/demo.wphash.com\/nightery\/?page_id=2"},"modified":"2025-05-17T08:17:55","modified_gmt":"2025-05-17T08:17:55","slug":"agenciamento","status":"publish","type":"page","link":"https:\/\/www.life-club.com\/site\/agenciamento\/","title":{"rendered":"Agenciamento"},"content":{"rendered":"<section class=\"kc-elm kc-css-706891 kc_row\"><div class=\"kc-row-container  kc-container\"><div class=\"kc-wrap-columns\"><div class=\"kc-elm kc-css-504961 kc_col-sm-12 kc_column kc_col-sm-12\"><div class=\"kc-col-container\"><div class=\"kc-elm kc-css-115830 kc_text_block\"><\/p>\n<div class=\"item_fulltext\">\n<p>Ganhe entre 3000\u20ac a 7000\u20ac por m\u00eas<\/p>\n<p>No Life Strip Club t\u00eam todas as condi\u00e7\u00f5es necess\u00e1rias para se ter sucesso e ganhar muito dinheiro.<\/p>\n<p><img decoding=\"async\" src=\"https:\/\/www.life-club.com\/site\/wp-content\/uploads\/2019\/07\/agend.jpg\" alt=\"agend\"><\/p>\n<p>Agenciamento<\/p>\n<p>Venha viver a Life<br \/>Se \u00e9 bailarina \u00e0 procura de um local para dan\u00e7ar, ou se \u00e9 agente com bailarinas dispon\u00edveis, entre em contacto connosco atrav\u00e9s do formul\u00e1rio abaixo.<\/p>\n<p><img decoding=\"async\" src=\"https:\/\/www.life-club.com\/site\/wp-content\/uploads\/2019\/07\/strippers.jpg\" alt=\"strippers\"><\/p>\n<p>\u00c9 considerado o melhor strip club do pa\u00eds, sendo um dos melhores da Europa!<br \/>Envie-nos um email com os seus dados e carater\u00edsticas para este e-mail: geral@life-club.com<\/p>\n<p>Nome<br \/>Pais de Origem<br \/>Telefone<br \/>Detalhes (Altura, peso,medidas e outras caracter\u00edsticas relevantes)<br \/>E-mail<br \/>Fotos (rosto e corpo inteiro prefer\u00eancial a quem tiver book)<\/p>\n<p>&#8212;&#8212;&#8212;&#8212;&#8212;&#8212;&#8212;&#8212;&#8212;&#8212;&#8212;&#8212;&#8212;&#8212;&#8212;&#8212;&#8212;&#8212;&#8212;&#8212;&#8212;&#8212;&#8212;&#8212;&#8212;&#8212;&#8212;&#8212;&#8212;&#8212;&#8212;&#8212;&#8212;&#8212;&#8212;&#8211;<\/p>\n<p>Termos e condi\u00e7\u00f5es de agenciamento<\/p>\n<p>Bailarinas Ex\u00f3ticas<br \/>Especialidade: Striptease Dancers; Table Dancers; Erotic Show<br \/>Requisitos<br \/>\u2022 Entre 18 e 30 anos<br \/>\u2022 Altura: pelo menos 1,60m<br \/>\u2022 Corpo proporcional<br \/>\u2022 Bom peito<br \/>\u2022 Sem marcas corporais (cicatrizes, celulite, estrias&#8230;)<br \/>\u2022 Bonita, atraente, simp\u00e1tica, comunicativa e sensual<br \/>\u2022 Conhecimentos de Ingl\u00eas<\/p>\n<p>Perman\u00eancia<br \/>Cidad\u00e3s da Uni\u00e3o Europeia &#8211; Legisla\u00e7\u00e3o de trabalho Portuguesa<\/p>\n<p>Visto de Trabalho (Estrangeiras &#8211; excepto Uni\u00e3o Europeia &#8211; O acordo entre o club e a bailarina \u00e9 feito atrav\u00e9s de um contrato de presta\u00e7\u00e3o de servi\u00e7os com termo a acordar entre as duas partes.) Para isso s\u00e3o necess\u00e1rios os seguintes documentos e em duplicado:<br \/>\u2022 2 fotos 3&#215;4<br \/>\u2022 2 Fotoc\u00f3pias do passaporte, uma delas autenticada no not\u00e1rio;<br \/>\u2022 2 Fotocopias da carteira de indentidade, uma delas autenticada no not\u00e1rio;<br \/>\u2022 Certificado do registo criminal do pa\u00eds de origem, traduzido por um tradutor ajuramentado e autenticado no Consulado Portugu\u00eas no pa\u00eds de origem;<br \/>\u2022 Atestado M\u00e9dico que declare que n\u00e3o \u00e9 portador de doen\u00e7as infecto-contagiosas;<br \/>\u2022 Seguro de Sa\u00fade<br \/>\u2022 Carteira profissional da actividade que vai exercer.<\/p>\n<p>Condi\u00e7\u00f5es<\/p>\n<p>Cachet:<br \/>\u2022 Di\u00e1rio: Confidencial \u20ac<br \/>\u2022 M\u00e9dia Mensal: 3000\u20ac a 7000\u20ac<br \/>\u2022 Comiss\u00e3o: bom sistema de comiss\u00f5es (table dance, private dance, cocktails e champanhe)<br \/>\u2022 Apartamento: 11\u20ac \/ Dia<\/p>\n<\/p>\n<p>Hor\u00e1rio Laboral:<br \/>2\u00aa Feira a&nbsp;Domingo, das 23h00 \u00e1s 05h00<\/p>\n<p>Pagamento:<br \/>Mensal ( adiantamos diariamente ou semanalmente se for o primeiro m\u00eas de trabalho e se a bailarina precisar )<\/p>\n<p>Prostitui\u00e7\u00e3o<br \/>\u00c9 PROIBIDA A PR\u00c1TICA DA PROSTITUI\u00c7\u00c3O EM PORTUGAL.<br \/>COMO TAL O CLUB OBRIGA AO RIGOROSO CUMPRIMENTO DESTA LEI!<br \/>O INCUMPRIMENTO POR PARTE DA BAILARINA RESULTA NO IMEDIATO REGRESSO AO SEU PA\u00cdS DE ORIGEM, OU DESPEDIMENTO SE FOR PORTUGUESA.<\/p>\n<\/div>\n<h3 class=\"item_title\"><span class=\"item_title_part0\">&nbsp;<\/span><\/h3>\n<p>\n<\/div><div class=\"kc-contact-form7 kc-elm kc-css-949774\"><h2>FICHA PARA INSCRI\u00c7\u00c3O<\/h2>\n<div class=\"wpcf7 no-js\" id=\"wpcf7-f147-o1\" lang=\"en-US\" dir=\"ltr\">\n<div class=\"screen-reader-response\"><p role=\"status\" aria-live=\"polite\" aria-atomic=\"true\"><\/p> <ul><\/ul><\/div>\n<form action=\"\/site\/wp-json\/wp\/v2\/pages\/327#wpcf7-f147-o1\" method=\"post\" class=\"wpcf7-form init\" aria-label=\"Contact form\" novalidate=\"novalidate\" data-status=\"init\">\n<div style=\"display: none;\">\n<input type=\"hidden\" name=\"_wpcf7\" value=\"147\" \/>\n<input type=\"hidden\" name=\"_wpcf7_version\" value=\"5.9.8\" \/>\n<input type=\"hidden\" name=\"_wpcf7_locale\" value=\"en_US\" \/>\n<input type=\"hidden\" name=\"_wpcf7_unit_tag\" value=\"wpcf7-f147-o1\" \/>\n<input type=\"hidden\" name=\"_wpcf7_container_post\" value=\"0\" \/>\n<input type=\"hidden\" name=\"_wpcf7_posted_data_hash\" value=\"\" \/>\n<input type=\"hidden\" name=\"_wpcf7_recaptcha_response\" value=\"\" \/>\n<\/div>\n<div class=\"row\">\n\t<ul class=\"contact-form\">\n\t\t<li class=\"col-xs-12 col-sm-6\">\n\t\t\t<div class=\"form-group\">\n\t\t\t\t<div class=\"input-group\">\n\t\t\t\t\t<p><span class=\"wpcf7-form-control-wrap\" data-name=\"text-988\"><input size=\"40\" maxlength=\"400\" class=\"wpcf7-form-control wpcf7-text wpcf7-validates-as-required form-control\" id=\"name\" aria-required=\"true\" aria-invalid=\"false\" placeholder=\"Nome *\" value=\"\" type=\"text\" name=\"text-988\" \/><\/span>\n\t\t\t\t\t<\/p>\n\t\t\t\t<\/div>\n\t\t\t<\/div>\n\t\t<\/li>\n\t\t<li class=\"col-xs-12 col-sm-6\">\n\t\t\t<div class=\"form-group\">\n\t\t\t\t<div class=\"input-group\">\n\t\t\t\t\t<p><span class=\"wpcf7-form-control-wrap\" data-name=\"number-375\"><input class=\"wpcf7-form-control wpcf7-number wpcf7-validates-as-number form-control\" id=\"phone\" aria-invalid=\"false\" placeholder=\"Telefone\" value=\"\" type=\"number\" name=\"number-375\" \/><\/span>\n\t\t\t\t\t<\/p>\n\t\t\t\t<\/div>\n\t\t\t<\/div>\n\t\t<\/li>\n\t\t<li class=\"col-xs-12 col-sm-6\">\n\t\t\t<div class=\"form-group\">\n\t\t\t\t<div class=\"input-group\">\n\t\t\t\t\t<p><span class=\"wpcf7-form-control-wrap\" data-name=\"email-859\"><input size=\"40\" maxlength=\"400\" class=\"wpcf7-form-control wpcf7-email wpcf7-validates-as-required wpcf7-text wpcf7-validates-as-email form-control\" id=\"email\" aria-required=\"true\" aria-invalid=\"false\" placeholder=\"Email\" value=\"\" type=\"email\" name=\"email-859\" \/><\/span>\n\t\t\t\t\t<\/p>\n\t\t\t\t<\/div>\n\t\t\t<\/div>\n\t\t<\/li>\n\t\t<li class=\"col-xs-12 col-sm-6\">\n\t\t\t<div class=\"form-group\">\n\t\t\t\t<div class=\"input-group mn\">\n\t\t\t\t\t<p><span class=\"wpcf7-form-control-wrap\" data-name=\"textarea-52\"><textarea cols=\"40\" rows=\"10\" maxlength=\"2000\" class=\"wpcf7-form-control wpcf7-textarea form-control\" aria-invalid=\"false\" placeholder=\"Mensagem\" name=\"textarea-52\"><\/textarea><\/span>\n\t\t\t\t\t<\/p>\n\t\t\t\t<\/div>\n\t\t\t<\/div>\n\t\t<\/li>\n\t\t<li class=\"col-xs-12 col-sm-6\">\n\t\t\t<p><span class=\"wpcf7-form-control-wrap\" data-name=\"politica\"><span class=\"wpcf7-form-control wpcf7-acceptance\"><span class=\"wpcf7-list-item\"><label><input type=\"checkbox\" name=\"politica\" value=\"1\" aria-invalid=\"false\" \/><span class=\"wpcf7-list-item-label\">Aceitar <a href=\"https:\/\/www.life-club.com\/site\/politica-privacidade\/\" target=\"_blank\" >Politica de Privacidade<\/a><\/span><\/label><\/span><\/span><\/span><br \/>\n<input class=\"wpcf7-form-control wpcf7-submit has-spinner btn btn-default btn-submit\" type=\"submit\" value=\"ENVIAR\" \/>\n\t\t\t<\/p>\n\t\t<\/li>\n\t<\/ul>\n<\/div><div class=\"wpcf7-response-output\" aria-hidden=\"true\"><\/div>\n<\/form>\n<\/div>\n<\/div><\/div><\/div><\/div><\/div><\/section>\n","protected":false},"excerpt":{"rendered":"","protected":false},"author":1,"featured_media":0,"parent":0,"menu_order":0,"comment_status":"closed","ping_status":"open","template":"","meta":{"ngg_post_thumbnail":0,"footnotes":""},"_links":{"self":[{"href":"https:\/\/www.life-club.com\/site\/wp-json\/wp\/v2\/pages\/327"}],"collection":[{"href":"https:\/\/www.life-club.com\/site\/wp-json\/wp\/v2\/pages"}],"about":[{"href":"https:\/\/www.life-club.com\/site\/wp-json\/wp\/v2\/types\/page"}],"author":[{"embeddable":true,"href":"https:\/\/www.life-club.com\/site\/wp-json\/wp\/v2\/users\/1"}],"replies":[{"embeddable":true,"href":"https:\/\/www.life-club.com\/site\/wp-json\/wp\/v2\/comments?post=327"}],"version-history":[{"count":14,"href":"https:\/\/www.life-club.com\/site\/wp-json\/wp\/v2\/pages\/327\/revisions"}],"predecessor-version":[{"id":6056,"href":"https:\/\/www.life-club.com\/site\/wp-json\/wp\/v2\/pages\/327\/revisions\/6056"}],"wp:attachment":[{"href":"https:\/\/www.life-club.com\/site\/wp-json\/wp\/v2\/media?parent=327"}],"curies":[{"name":"wp","href":"https:\/\/api.w.org\/{rel}","templated":true}]}}