{"id":5908,"date":"2023-12-05T15:52:59","date_gmt":"2023-12-05T15:52:59","guid":{"rendered":"https:\/\/www.life-club.com\/site\/?page_id=5908"},"modified":"2023-12-05T16:04:27","modified_gmt":"2023-12-05T16:04:27","slug":"resolucao-de-litigios-online","status":"publish","type":"page","link":"https:\/\/www.life-club.com\/site\/resolucao-de-litigios-online\/","title":{"rendered":"Resolu\u00e7\u00e3o de lit\u00edgios online"},"content":{"rendered":"<p> Resolu\u00e7\u00e3o de lit\u00edgios online<\/p>\n<p>A Uni\u00e3o Europeia criou um site para apoiar os consumidores a apresentarem as suas reclama\u00e7\u00f5es sobre qualquer lit\u00edgio em que estejam envolvidos. Neste \u00e2mbito, a LIFE STRIP CLUB disponibiliza toda a informa\u00e7\u00e3o para que possa exercer o seu direito de reclama\u00e7\u00e3o junto de uma entidade oficial, terceira e imparcial ao processo , (\u00abentidade de resolu\u00e7\u00e3o de lit\u00edgios\u00bb) que o ajudar\u00e1 a resolver o lit\u00edgio em quest\u00e3o.<\/p>\n<p>Assim , se ficou insatisfeito com a aquisi\u00e7\u00e3o de um bem ou servi\u00e7o no nosso site, ou com a solu\u00e7\u00e3o por n\u00f3s apresentada para resolver a situa\u00e7\u00e3o, pode aceder a este site oficial https:\/\/webgate.ec.europa.eu\/odr\/main\/?event=main.home.show&#038;reload=false  e exp\u00f4r a sua contesta\u00e7\u00e3o.<\/p>\n<p>O que \u00e9 a resolu\u00e7\u00e3o alternativa de lit\u00edgios?<\/p>\n<p>A resolu\u00e7\u00e3o alternativa de ligitios \u00e9 a possibilidade que todos os consumidores t\u00eam ao seu disp\u00f4r de recorrer e entidades oficiais que os ajudem na resolu\u00e7\u00e3o, ou orienta\u00e7\u00e3o de algum conflito, antes de abrirem processos litigiosos nos Tribunais.<br \/>\nRegra geral, o procedimento \u00e9 o seguinte: o cliente pede a um terceiro imparcial que intervenha como intermedi\u00e1rio entre si e o comerciante que \u00e9 o alvo da sua reclama\u00e7\u00e3o. O intermedi\u00e1rio pode sugerir uma solu\u00e7\u00e3o para a sua reclama\u00e7\u00e3o, impor uma solu\u00e7\u00e3o a ambas as partes ou reunir as partes para encontrar uma solu\u00e7\u00e3o.<br \/>\nTalvez conhe\u00e7a o conceito de resolu\u00e7\u00e3o alternativa de lit\u00edgios por outro nome: &#8216;media\u00e7\u00e3o&#8217;, &#8216;concilia\u00e7\u00e3o&#8217;, &#8216;arbitragem&#8217; ou &#8216;comiss\u00e3o competente no \u00e2mbito dos lit\u00edgios de consumo&#8217;.<br \/>\nA resolu\u00e7\u00e3o alternativa de lit\u00edgios \u00e9, por norma, menos dispendiosa, menos formal e mais r\u00e1pida do que a via judicial. <\/p>\n","protected":false},"excerpt":{"rendered":"<p>Resolu\u00e7\u00e3o de lit\u00edgios online A Uni\u00e3o Europeia criou um site para apoiar os consumidores a apresentarem as suas reclama\u00e7\u00f5es sobre qualquer lit\u00edgio em que estejam envolvidos. Neste \u00e2mbito, a LIFE&hellip;<\/p>\n","protected":false},"author":1,"featured_media":0,"parent":0,"menu_order":0,"comment_status":"closed","ping_status":"closed","template":"page-right-sidebar.php","meta":{"ngg_post_thumbnail":0,"footnotes":""},"_links":{"self":[{"href":"https:\/\/www.life-club.com\/site\/wp-json\/wp\/v2\/pages\/5908"}],"collection":[{"href":"https:\/\/www.life-club.com\/site\/wp-json\/wp\/v2\/pages"}],"about":[{"href":"https:\/\/www.life-club.com\/site\/wp-json\/wp\/v2\/types\/page"}],"author":[{"embeddable":true,"href":"https:\/\/www.life-club.com\/site\/wp-json\/wp\/v2\/users\/1"}],"replies":[{"embeddable":true,"href":"https:\/\/www.life-club.com\/site\/wp-json\/wp\/v2\/comments?post=5908"}],"version-history":[{"count":1,"href":"https:\/\/www.life-club.com\/site\/wp-json\/wp\/v2\/pages\/5908\/revisions"}],"predecessor-version":[{"id":5909,"href":"https:\/\/www.life-club.com\/site\/wp-json\/wp\/v2\/pages\/5908\/revisions\/5909"}],"wp:attachment":[{"href":"https:\/\/www.life-club.com\/site\/wp-json\/wp\/v2\/media?parent=5908"}],"curies":[{"name":"wp","href":"https:\/\/api.w.org\/{rel}","templated":true}]}}