{"id":5910,"date":"2023-12-05T15:56:06","date_gmt":"2023-12-05T15:56:06","guid":{"rendered":"https:\/\/www.life-club.com\/site\/?page_id=5910"},"modified":"2023-12-05T16:03:52","modified_gmt":"2023-12-05T16:03:52","slug":"termos-e-condicoes-de-utilizacao","status":"publish","type":"page","link":"https:\/\/www.life-club.com\/site\/termos-e-condicoes-de-utilizacao\/","title":{"rendered":"Termos e condi\u00e7\u00f5es de utiliza\u00e7\u00e3o"},"content":{"rendered":"<p><strong>Termos e condi\u00e7\u00f5es de utiliza\u00e7\u00e3o<\/strong><\/p>\n<p>Se permanecer no site significa que aceitou os termos e condi\u00e7\u00f5es para a sua utiliza\u00e7\u00e3o.<\/p>\n<p>    A P\u00e1gina de LIFE STRIP CLUB \u00e9 pessoal e intransmiss\u00edvel, pelo que qualquer uso indevido do mesmo \u00e9 da total responsabilidade do cliente.<br \/>\n    A duplica\u00e7\u00e3o ou revenda do P\u00e1gina de  LIFE STRIP CLUB  impedem o livre acesso ao recinto, facto que a  LIFE STRIP CLUB  \u00e9 alheia e isenta de qualquer responsabilidade.<br \/>\n    \u00c9 da responsabilidade do cliente confirmar sempre os dados constantes no P\u00e1gina de LIFE STRIP CLUB e manter o bilhete.<br \/>\n    O bilhete electr\u00f3nico \u00e9 valido mediante a apresenta\u00e7\u00e3o do documento de identifica\u00e7\u00e3o, caso seja solicitado pelos assistentes de sala.<br \/>\n    Sobre o valor total da transac\u00e7\u00e3o acresce custos de opera\u00e7\u00e3o mais IVA \u00e0 taxa legal em vigor, consoante o evento escolhido. Estes custos de opera\u00e7\u00e3o aplicam-se a todas as compras efectuadas em www.life-club.com.<br \/>\n    N\u00e3o se efectuam trocas e\/ou devolu\u00e7\u00f5es da compras feitas online, excepto no caso de o evento sofrer alguma altera\u00e7\u00e3o ao previsto ou ser cancelado. A resolu\u00e7\u00e3o ao disposto \u00e9 da responsabilidade do promotor. A empresa emissora do bilhete n\u00e3o assume, em qualquer caso, as obriga\u00e7\u00f5es e responsabilidades do promotor.<br \/>\n    O cancelamento e\/ou altera\u00e7\u00e3o de um evento que se realize ao ar livre ou que esteja dependente das condi\u00e7\u00f5es climat\u00e9ricas, n\u00e3o obriga o promotor a devolver o valor do bilhete.<br \/>\n    No caso de o evento ser cancelado, adiado ou seja solicitada a devolu\u00e7\u00e3o do valor da compra efectuada por motivos de for\u00e7a maior, a  LIFE STRIP CLUB  n\u00e3o procede ao reembolso dos custos de opera\u00e7\u00e3o e dos custos de envio da compra.<br \/>\n    \u00c9 obrigat\u00f3ria a apresenta\u00e7\u00e3o do documento comprovativo de desconto na entrada do recinto.<br \/>\n    Salvo indica\u00e7\u00e3o em contr\u00e1rio, n\u00e3o \u00e9 permitido entrar no recinto enquanto o evento est\u00e1 a decorrer; n\u00e3o \u00e9 permitido fumar no recinto; n\u00e3o \u00e9 permitida a entrada de animais, m\u00e1quinas fotogr\u00e1ficas e\/ou de v\u00eddeo e de gravadores de \u00e1udio, bem como de objectos perigosos.<br \/>\n    Ao adquirir este bilhete estar\u00e1 a aceitar todas as condi\u00e7\u00f5es acima descritas.<\/p>\n<p>A  LIFE STRIP CLUB  disponibiliza neste site um conjunto de informa\u00e7\u00f5es, tanto quanto poss\u00edvel actualizadas, relativamente \u00e0 actividade desenvolvida no \u00e2mbito das suas atribui\u00e7\u00f5es, com o objectivo de, por conta dos respectivos Promotores, divulgar, promover e vender, junto do p\u00fablico em geral, espect\u00e1culos que decorram em Portugal e no Estrangeiro.<\/p>\n<p>    Os custos de opera\u00e7\u00e3o, portes de envio e o pre\u00e7o dos bilhetes incluem IVA \u00e0 taxa legal em vigor.<br \/>\n    N\u00e3o se efectuam trocas, devolu\u00e7\u00f5es ou descontos nas vendas efectuadas no site.<br \/>\n    A altera\u00e7\u00e3o da data ou cancelamento do evento s\u00e3o da exclusiva responsabilidade do promotor, obrigando-se este a cumprir o disposto na legisla\u00e7\u00e3o em vigor.<br \/>\n    A informa\u00e7\u00e3o presente neste site foi inclu\u00edda de boa-f\u00e9 e serve exclusivamente para informa\u00e7\u00e3o geral, sendo a sua utiliza\u00e7\u00e3o de risco exclusivo do utilizador.<\/p>\n<p>    Exonera\u00e7\u00e3o de Responsabilidade<\/p>\n<p>    A  LIFE STRIP CLUB  declina qualquer responsabilidade por danos que possam surgir na sequ\u00eancia da utiliza\u00e7\u00e3o deste site ou de quaisquer outros sites a ele ligados. Do mesmo modo, n\u00e3o \u00e9 dada qualquer garantia de que o acesso a este site seja ininterrupto ou isento de erros, v\u00edrus ou de qualquer outro material prejudicial e n\u00e3o est\u00e1 sujeito a reclama\u00e7\u00f5es, penaliza\u00e7\u00f5es, estragos ou despesas que possam surgir quer do uso ou incapacidade do site, quer ainda do acesso n\u00e3o autorizado ou da altera\u00e7\u00e3o do mesmo.<\/p>\n<p>    A  LIFE STRIP CLUB  reserva-se o direito de realizar altera\u00e7\u00f5es e correc\u00e7\u00f5es, suspender ou encerrar este site quando considerar apropriado e sem necessidade de pr\u00e9-aviso a qualquer utilizador.<\/p>\n<p>    A  LIFE STRIP CLUB  n\u00e3o filtra ou monitoriza previamente o conte\u00fado transmitido a este site por terceiros e n\u00e3o \u00e9 respons\u00e1vel pela filtragem de nenhum conte\u00fado desse tipo. Caso notificada, a  LIFE STRIP CLUB  pode investigar uma alegada viola\u00e7\u00e3o aos Termos e Condi\u00e7\u00f5es de Utiliza\u00e7\u00e3o do site e pode determinar que a informa\u00e7\u00e3o seja removida do mesmo.<\/p>\n<p>    O utilizador concorda em n\u00e3o transmitir a este site qualquer conte\u00fado il\u00edcito, difamat\u00f3rio, pornogr\u00e1fico, escandaloso, ou qualquer outro conte\u00fado que possa constituir conduta que viole alguma lei. A  LIFE STRIP CLUB  colaborar\u00e1 com quaisquer autoridades competentes para a aplica\u00e7\u00e3o da lei que ordene a revela\u00e7\u00e3o da identidade de qualquer pessoa que transmita tais conte\u00fados.<\/p>\n<p>    A presente exonera\u00e7\u00e3o n\u00e3o pretende limitar a responsabilidade da  LIFE STRIP CLUB , nem excluir a sua responsabilidade nos casos em que tal \u00e9 legalmente permitido.<\/p>\n<p>    Copyright e Direitos de Propriedade<\/p>\n<p>    O conte\u00fado deste site, incluindo imagens, texto, publicidade, materiais \u00e1udio, v\u00eddeo ou outros, est\u00e1 protegido por Direitos de Autor e Direitos Conexos, nos termos gerais do direito e pela legisla\u00e7\u00e3o nacional e internacional de Protec\u00e7\u00e3o da Propriedade Intelectual.<\/p>\n<p>    N\u00e3o sendo permitido exibir, reproduzir, modificar ou transmitir os conte\u00fados do site de forma alguma, seja com o prop\u00f3sito p\u00fablico ou comercial, sem o pr\u00e9vio e expresso consentimento por escrito da  LIFE STRIP CLUB .<\/p>\n<p>    Exceptuando-se a esta interdi\u00e7\u00e3o os usos autorizados por lei, nomeadamente, o direito de cita\u00e7\u00e3o, desde que claramente identificada a sua origem.<\/p>\n<p>    Algumas partes do site podem conter imagens ou v\u00eddeos que s\u00e3o alvo de direitos de copyright dos seus fornecedores.<\/p>\n<p>    Os dados pessoais que nos sejam fornecidos, seja atrav\u00e9s de correio electr\u00f3nico, envio de ficheiros ou de outro modo, ser\u00e3o considerados n\u00e3o confidenciais e n\u00e3o reservados. Ao transmitir conte\u00fados para este site, o utilizador automaticamente concede \u00e0  LIFE STRIP CLUB  todos os direitos e propriedades exclusivas sobre esses mesmos conte\u00fados, concordando na sua utiliza\u00e7\u00e3o livre.<\/p>\n<p>    Est\u00e1 expressamente proibida a utiliza\u00e7\u00e3o deste site para fins ilegais ou quaisquer outros fins que possam ser lesivos para a imagem da  LIFE STRIP CLUB .<\/p>\n<p>    Uso e Risco<\/p>\n<p>    Este site cont\u00eam links para sites de terceiros, fornecidos unicamente para conveni\u00eancia e acessibilidade do utilizador. A  LIFE STRIP CLUB  n\u00e3o endossa o conte\u00fado de qualquer desses sites de terceiros e n\u00e3o \u00e9 respons\u00e1vel pelo conte\u00fado dos mesmos. O acesso e visita a esses sites s\u00e3o conduzidos por inteiro risco do utilizador.<\/p>\n<p>    \u00c9 proibido ao utilizador criar ou introduzir neste site quaisquer tipos de v\u00edrus ou programas que o danifiquem ou contaminem ou aconselhar terceiros a faz\u00ea-lo. Os infractores ser\u00e3o alvo de processo criminal.<\/p>\n<p>    Toda e qualquer quest\u00e3o emergente dos Termos e Condi\u00e7\u00f5es de Utiliza\u00e7\u00e3o do site devem ser dirigidos para a sede da  LIFE STRIP CLUB  (CHEESE CAKE PASTELARIA LDA) NIF505170710, sita no RUA CONDE DE VIZELA N 100 4050-639 PORTO  ou via e-mail para geral@life-club.com.<\/p>\n","protected":false},"excerpt":{"rendered":"<p>Termos e condi\u00e7\u00f5es de utiliza\u00e7\u00e3o Se permanecer no site significa que aceitou os termos e condi\u00e7\u00f5es para a sua utiliza\u00e7\u00e3o. A P\u00e1gina de LIFE STRIP CLUB \u00e9 pessoal e intransmiss\u00edvel,&hellip;<\/p>\n","protected":false},"author":1,"featured_media":0,"parent":0,"menu_order":0,"comment_status":"closed","ping_status":"closed","template":"page-right-sidebar.php","meta":{"ngg_post_thumbnail":0,"footnotes":""},"_links":{"self":[{"href":"https:\/\/www.life-club.com\/site\/wp-json\/wp\/v2\/pages\/5910"}],"collection":[{"href":"https:\/\/www.life-club.com\/site\/wp-json\/wp\/v2\/pages"}],"about":[{"href":"https:\/\/www.life-club.com\/site\/wp-json\/wp\/v2\/types\/page"}],"author":[{"embeddable":true,"href":"https:\/\/www.life-club.com\/site\/wp-json\/wp\/v2\/users\/1"}],"replies":[{"embeddable":true,"href":"https:\/\/www.life-club.com\/site\/wp-json\/wp\/v2\/comments?post=5910"}],"version-history":[{"count":4,"href":"https:\/\/www.life-club.com\/site\/wp-json\/wp\/v2\/pages\/5910\/revisions"}],"predecessor-version":[{"id":5915,"href":"https:\/\/www.life-club.com\/site\/wp-json\/wp\/v2\/pages\/5910\/revisions\/5915"}],"wp:attachment":[{"href":"https:\/\/www.life-club.com\/site\/wp-json\/wp\/v2\/media?parent=5910"}],"curies":[{"name":"wp","href":"https:\/\/api.w.org\/{rel}","templated":true}]}}